{"id":22239,"date":"2026-01-09T10:39:55","date_gmt":"2026-01-09T07:39:55","guid":{"rendered":"https:\/\/baguettejewellery.com\/patili-dostlar\/"},"modified":"2026-01-09T12:29:44","modified_gmt":"2026-01-09T09:29:44","slug":"patili-dostlar","status":"publish","type":"page","link":"https:\/\/baguettejewellery.com\/en\/patili-dostlar\/","title":{"rendered":"Paw Edition"},"content":{"rendered":"<div class=\"wpb-content-wrapper\"><p>[vc_section full_width=&#8221;stretch_row&#8221;][vc_row full_width=&#8221;stretch_row_content_no_spaces&#8221; el_id=&#8221;content-desktop&#8221;][vc_column][konte_banner button_text=&#8221;&#8221; image=&#8221;22230&#8243;][\/konte_banner][\/vc_column][\/vc_row][vc_row full_width=&#8221;stretch_row_content_no_spaces&#8221; el_id=&#8221;content-mobile&#8221;][vc_column][konte_banner button_type=&#8221;normal&#8221; button_text=&#8221;&#8221; image=&#8221;22228&#8243;][\/konte_banner][\/vc_column][\/vc_row][\/vc_section][vc_row][vc_column][vc_separator][\/vc_column][\/vc_row][vc_section content_placement=&#8221;middle&#8221;][vc_row content_placement=&#8221;middle&#8221;][vc_column width=&#8221;1\/2&#8243;][vc_column_text]<strong>Baguette <em>Art<\/em> \u2013 Instant Memories \/ <em>Paw<\/em> Edition<\/strong><\/p>\n<p>Ayk \u00c7ubuk\u00e7u imzas\u0131 ta\u015f\u0131yan bu se\u00e7kin \u00e7al\u0131\u015fma, patili can dostlar\u0131n\u0131z\u0131n portrelerini benzersiz bir sanat eserine ve zamans\u0131z bir m\u00fccevhere d\u00f6n\u00fc\u015ft\u00fcr\u00fcr.<br \/>\nHer tasar\u0131m, yaln\u0131zca size \u00f6zel olarak haz\u0131rlan\u0131r ve tek bir hik\u00e2yeyi temsil eder.<\/p>\n<p>Detayl\u0131 bilgi almak ve size \u00f6zel tasar\u0131m s\u00fcrecini ba\u015flatmak i\u00e7in bizimle ileti\u015fime ge\u00e7in.[\/vc_column_text][\/vc_column][vc_column width=&#8221;1\/2&#8243;][vc_raw_html]JTNDdmlkZW8lMjBzdHlsZSUzRCUyMndpZHRoJTNBJTIwMTAwJTI1JTNCJTIwaGVpZ2h0JTNBJTIwMTAwJTI1JTNCJTIyJTIwc3JjJTNEJTIyJTJGd3AtY29udGVudCUyRnVwbG9hZHMlMkYyMDI2JTJGMDElMkZiLm1wNCUyMiUyMHByZWxvYWQlM0QlMjJhdXRvJTIyJTIwYXV0b3BsYXklM0QlMjJhdXRvcGxheSUyMiUyMGxvb3AlM0QlMjJsb29wJTIyJTIwbXV0ZWQlM0QlMjIlMjIlMjBwbGF5c2lubGluZSUzRCUyMiUyMiUyMHdlYmtpdC1wbGF5c2lubGluZSUzRCUyMiUyMiUyMHg1LXBsYXlzaW5saW5lJTNEJTIyJTIyJTIwd2lkdGglM0QlMjIzMDAlMjIlMjBoZWlnaHQlM0QlMjIxNTAlMjIlM0UlM0MlMkZ2aWRlbyUzRSUwQQ==[\/vc_raw_html][\/vc_column][\/vc_row][\/vc_section]<\/p>\n<\/div>","protected":false},"excerpt":{"rendered":"<p>[vc_section full_width=&#8221;stretch_row&#8221;][vc_row full_width=&#8221;stretch_row_content_no_spaces&#8221; el_id=&#8221;content-desktop&#8221;][vc_column][konte_banner button_text=&#8221;&#8221; image=&#8221;22230&#8243;][\/konte_banner][\/vc_column][\/vc_row][vc_row full_width=&#8221;stretch_row_content_no_spaces&#8221; el_id=&#8221;content-mobile&#8221;][vc_column][konte_banner button_type=&#8221;normal&#8221; button_text=&#8221;&#8221; image=&#8221;22228&#8243;][\/konte_banner][\/vc_column][\/vc_row][\/vc_section][vc_row][vc_column][vc_separator][\/vc_column][\/vc_row][vc_section content_placement=&#8221;middle&#8221;][vc_row content_placement=&#8221;middle&#8221;][vc_column width=&#8221;1\/2&#8243;][vc_column_text]Baguette Art \u2013 Instant Memories \/ Paw Edition Ayk \u00c7ubuk\u00e7u imzas\u0131 ta\u015f\u0131yan bu se\u00e7kin \u00e7al\u0131\u015fma, patili can&hellip;<\/p>\n","protected":false},"author":1,"featured_media":0,"parent":0,"menu_order":0,"comment_status":"closed","ping_status":"closed","template":"","meta":{"footnotes":""},"class_list":["post-22239","page","type-page","status-publish","hentry"],"yoast_head":"<!-- This site is optimized with the Yoast SEO plugin v24.8.1 - https:\/\/yoast.com\/wordpress\/plugins\/seo\/ -->\n<title>Paw Edition | Baguette Jewellery<\/title>\n<meta name=\"robots\" content=\"index, follow, max-snippet:-1, max-image-preview:large, max-video-preview:-1\" \/>\n<link rel=\"canonical\" href=\"https:\/\/baguettejewellery.com\/en\/patili-dostlar\/\" \/>\n<meta property=\"og:locale\" content=\"en_US\" \/>\n<meta property=\"og:type\" content=\"article\" \/>\n<meta property=\"og:title\" content=\"Paw Edition | Baguette Jewellery\" \/>\n<meta property=\"og:description\" content=\"[vc_section full_width=&#8221;stretch_row&#8221;][vc_row full_width=&#8221;stretch_row_content_no_spaces&#8221; el_id=&#8221;content-desktop&#8221;][vc_column][konte_banner button_text=&#8221;&#8221; image=&#8221;22230&#8243;][\/konte_banner][\/vc_column][\/vc_row][vc_row full_width=&#8221;stretch_row_content_no_spaces&#8221; el_id=&#8221;content-mobile&#8221;][vc_column][konte_banner button_type=&#8221;normal&#8221; button_text=&#8221;&#8221; image=&#8221;22228&#8243;][\/konte_banner][\/vc_column][\/vc_row][\/vc_section][vc_row][vc_column][vc_separator][\/vc_column][\/vc_row][vc_section content_placement=&#8221;middle&#8221;][vc_row content_placement=&#8221;middle&#8221;][vc_column width=&#8221;1\/2&#8243;][vc_column_text]Baguette Art \u2013 Instant Memories \/ Paw Edition Ayk \u00c7ubuk\u00e7u imzas\u0131 ta\u015f\u0131yan bu se\u00e7kin \u00e7al\u0131\u015fma, patili can&hellip;\" \/>\n<meta property=\"og:url\" content=\"https:\/\/baguettejewellery.com\/en\/patili-dostlar\/\" \/>\n<meta property=\"og:site_name\" content=\"Baguette Jewellery\" \/>\n<meta property=\"article:publisher\" content=\"https:\/\/www.facebook.com\/jewellerybaguette\/\" \/>\n<meta property=\"article:modified_time\" content=\"2026-01-09T09:29:44+00:00\" \/>\n<meta property=\"og:image\" content=\"https:\/\/baguettejewellery.com\/wp-content\/uploads\/2022\/08\/New-Project-1.png\" \/>\n\t<meta property=\"og:image:width\" content=\"400\" \/>\n\t<meta property=\"og:image:height\" content=\"400\" \/>\n\t<meta property=\"og:image:type\" content=\"image\/png\" \/>\n<meta name=\"twitter:card\" content=\"summary_large_image\" \/>\n<meta name=\"twitter:label1\" content=\"Est. reading time\" \/>\n\t<meta name=\"twitter:data1\" content=\"1 minute\" \/>\n<script type=\"application\/ld+json\" class=\"yoast-schema-graph\">{\"@context\":\"https:\/\/schema.org\",\"@graph\":[{\"@type\":\"WebPage\",\"@id\":\"https:\/\/baguettejewellery.com\/en\/patili-dostlar\/\",\"url\":\"https:\/\/baguettejewellery.com\/en\/patili-dostlar\/\",\"name\":\"Paw Edition | Baguette Jewellery\",\"isPartOf\":{\"@id\":\"https:\/\/baguettejewellery.com\/en\/#website\"},\"datePublished\":\"2026-01-09T07:39:55+00:00\",\"dateModified\":\"2026-01-09T09:29:44+00:00\",\"breadcrumb\":{\"@id\":\"https:\/\/baguettejewellery.com\/en\/patili-dostlar\/#breadcrumb\"},\"inLanguage\":\"en-US\",\"potentialAction\":[{\"@type\":\"ReadAction\",\"target\":[\"https:\/\/baguettejewellery.com\/en\/patili-dostlar\/\"]}]},{\"@type\":\"BreadcrumbList\",\"@id\":\"https:\/\/baguettejewellery.com\/en\/patili-dostlar\/#breadcrumb\",\"itemListElement\":[{\"@type\":\"ListItem\",\"position\":1,\"name\":\"Anasayfa\",\"item\":\"https:\/\/baguettejewellery.com\/en\/\"},{\"@type\":\"ListItem\",\"position\":2,\"name\":\"Paw Edition\"}]},{\"@type\":\"WebSite\",\"@id\":\"https:\/\/baguettejewellery.com\/en\/#website\",\"url\":\"https:\/\/baguettejewellery.com\/en\/\",\"name\":\"Baguette Jewellery\",\"description\":\"\",\"publisher\":{\"@id\":\"https:\/\/baguettejewellery.com\/en\/#organization\"},\"potentialAction\":[{\"@type\":\"SearchAction\",\"target\":{\"@type\":\"EntryPoint\",\"urlTemplate\":\"https:\/\/baguettejewellery.com\/en\/?s={search_term_string}\"},\"query-input\":{\"@type\":\"PropertyValueSpecification\",\"valueRequired\":true,\"valueName\":\"search_term_string\"}}],\"inLanguage\":\"en-US\"},{\"@type\":\"Organization\",\"@id\":\"https:\/\/baguettejewellery.com\/en\/#organization\",\"name\":\"Baguette Jewellery\",\"url\":\"https:\/\/baguettejewellery.com\/en\/\",\"logo\":{\"@type\":\"ImageObject\",\"inLanguage\":\"en-US\",\"@id\":\"https:\/\/baguettejewellery.com\/en\/#\/schema\/logo\/image\/\",\"url\":\"https:\/\/baguettejewellery.com\/wp-content\/uploads\/2021\/10\/baguette_logo.png\",\"contentUrl\":\"https:\/\/baguettejewellery.com\/wp-content\/uploads\/2021\/10\/baguette_logo.png\",\"width\":200,\"height\":108,\"caption\":\"Baguette Jewellery\"},\"image\":{\"@id\":\"https:\/\/baguettejewellery.com\/en\/#\/schema\/logo\/image\/\"},\"sameAs\":[\"https:\/\/www.facebook.com\/jewellerybaguette\/\",\"https:\/\/www.instagram.com\/baguette_jewellery\"]}]}<\/script>\n<!-- \/ Yoast SEO plugin. -->","yoast_head_json":{"title":"Paw Edition | Baguette Jewellery","robots":{"index":"index","follow":"follow","max-snippet":"max-snippet:-1","max-image-preview":"max-image-preview:large","max-video-preview":"max-video-preview:-1"},"canonical":"https:\/\/baguettejewellery.com\/en\/patili-dostlar\/","og_locale":"en_US","og_type":"article","og_title":"Paw Edition | Baguette Jewellery","og_description":"[vc_section full_width=&#8221;stretch_row&#8221;][vc_row full_width=&#8221;stretch_row_content_no_spaces&#8221; el_id=&#8221;content-desktop&#8221;][vc_column][konte_banner button_text=&#8221;&#8221; image=&#8221;22230&#8243;][\/konte_banner][\/vc_column][\/vc_row][vc_row full_width=&#8221;stretch_row_content_no_spaces&#8221; el_id=&#8221;content-mobile&#8221;][vc_column][konte_banner button_type=&#8221;normal&#8221; button_text=&#8221;&#8221; image=&#8221;22228&#8243;][\/konte_banner][\/vc_column][\/vc_row][\/vc_section][vc_row][vc_column][vc_separator][\/vc_column][\/vc_row][vc_section content_placement=&#8221;middle&#8221;][vc_row content_placement=&#8221;middle&#8221;][vc_column width=&#8221;1\/2&#8243;][vc_column_text]Baguette Art \u2013 Instant Memories \/ Paw Edition Ayk \u00c7ubuk\u00e7u imzas\u0131 ta\u015f\u0131yan bu se\u00e7kin \u00e7al\u0131\u015fma, patili can&hellip;","og_url":"https:\/\/baguettejewellery.com\/en\/patili-dostlar\/","og_site_name":"Baguette Jewellery","article_publisher":"https:\/\/www.facebook.com\/jewellerybaguette\/","article_modified_time":"2026-01-09T09:29:44+00:00","og_image":[{"width":400,"height":400,"url":"https:\/\/baguettejewellery.com\/wp-content\/uploads\/2022\/08\/New-Project-1.png","type":"image\/png"}],"twitter_card":"summary_large_image","twitter_misc":{"Est. reading time":"1 minute"},"schema":{"@context":"https:\/\/schema.org","@graph":[{"@type":"WebPage","@id":"https:\/\/baguettejewellery.com\/en\/patili-dostlar\/","url":"https:\/\/baguettejewellery.com\/en\/patili-dostlar\/","name":"Paw Edition | Baguette Jewellery","isPartOf":{"@id":"https:\/\/baguettejewellery.com\/en\/#website"},"datePublished":"2026-01-09T07:39:55+00:00","dateModified":"2026-01-09T09:29:44+00:00","breadcrumb":{"@id":"https:\/\/baguettejewellery.com\/en\/patili-dostlar\/#breadcrumb"},"inLanguage":"en-US","potentialAction":[{"@type":"ReadAction","target":["https:\/\/baguettejewellery.com\/en\/patili-dostlar\/"]}]},{"@type":"BreadcrumbList","@id":"https:\/\/baguettejewellery.com\/en\/patili-dostlar\/#breadcrumb","itemListElement":[{"@type":"ListItem","position":1,"name":"Anasayfa","item":"https:\/\/baguettejewellery.com\/en\/"},{"@type":"ListItem","position":2,"name":"Paw Edition"}]},{"@type":"WebSite","@id":"https:\/\/baguettejewellery.com\/en\/#website","url":"https:\/\/baguettejewellery.com\/en\/","name":"Baguette Jewellery","description":"","publisher":{"@id":"https:\/\/baguettejewellery.com\/en\/#organization"},"potentialAction":[{"@type":"SearchAction","target":{"@type":"EntryPoint","urlTemplate":"https:\/\/baguettejewellery.com\/en\/?s={search_term_string}"},"query-input":{"@type":"PropertyValueSpecification","valueRequired":true,"valueName":"search_term_string"}}],"inLanguage":"en-US"},{"@type":"Organization","@id":"https:\/\/baguettejewellery.com\/en\/#organization","name":"Baguette Jewellery","url":"https:\/\/baguettejewellery.com\/en\/","logo":{"@type":"ImageObject","inLanguage":"en-US","@id":"https:\/\/baguettejewellery.com\/en\/#\/schema\/logo\/image\/","url":"https:\/\/baguettejewellery.com\/wp-content\/uploads\/2021\/10\/baguette_logo.png","contentUrl":"https:\/\/baguettejewellery.com\/wp-content\/uploads\/2021\/10\/baguette_logo.png","width":200,"height":108,"caption":"Baguette Jewellery"},"image":{"@id":"https:\/\/baguettejewellery.com\/en\/#\/schema\/logo\/image\/"},"sameAs":["https:\/\/www.facebook.com\/jewellerybaguette\/","https:\/\/www.instagram.com\/baguette_jewellery"]}]}},"_links":{"self":[{"href":"https:\/\/baguettejewellery.com\/en\/wp-json\/wp\/v2\/pages\/22239","targetHints":{"allow":["GET"]}}],"collection":[{"href":"https:\/\/baguettejewellery.com\/en\/wp-json\/wp\/v2\/pages"}],"about":[{"href":"https:\/\/baguettejewellery.com\/en\/wp-json\/wp\/v2\/types\/page"}],"author":[{"embeddable":true,"href":"https:\/\/baguettejewellery.com\/en\/wp-json\/wp\/v2\/users\/1"}],"replies":[{"embeddable":true,"href":"https:\/\/baguettejewellery.com\/en\/wp-json\/wp\/v2\/comments?post=22239"}],"version-history":[{"count":0,"href":"https:\/\/baguettejewellery.com\/en\/wp-json\/wp\/v2\/pages\/22239\/revisions"}],"wp:attachment":[{"href":"https:\/\/baguettejewellery.com\/en\/wp-json\/wp\/v2\/media?parent=22239"}],"curies":[{"name":"wp","href":"https:\/\/api.w.org\/{rel}","templated":true}]}}