{"id":2561,"date":"2016-08-23T06:28:43","date_gmt":"2016-08-23T06:28:43","guid":{"rendered":"http:\/\/demo.uix.store\/sober\/?page_id=336"},"modified":"2025-05-02T10:10:24","modified_gmt":"2025-05-02T07:10:24","slug":"contact-us","status":"publish","type":"page","link":"https:\/\/baguettejewellery.com\/en\/contact-us\/","title":{"rendered":"Contact us"},"content":{"rendered":"<div class=\"wpb-content-wrapper\"><p>[vc_row css=&#8221;.vc_custom_1480664533097{margin-top: 20px !important;margin-bottom: 65px !important;}&#8221;][vc_column offset=&#8221;vc_col-lg-offset-2 vc_col-lg-8 vc_col-md-offset-0 vc_col-md-12 vc_col-sm-offset-0&#8243;][vc_column_text]<\/p>\n<p style=\"text-align: center;\"><strong>\u0130STANBUL<br \/>\nAddress: <\/strong>Abdi Ipekci Cd. No:10\/B<br \/>\nNi\u015fanta\u015f\u0131<br \/>\n<strong>Phone: <\/strong>+90 532 261 21 79 \/ +90 555 059 00 03<\/p>\n<p style=\"text-align: center;\"><strong>BODRUM<br \/>\nAddress: <\/strong>Mandarin Oriental Bodrum<br \/>\nG\u00f6lk\u00f6y 314 Sokak No:10 48483 Mu\u011fla<br \/>\n<strong>Phone: <\/strong>+90 532 261 21 79 \/ +90 555 059 00 03<\/p>\n<p style=\"text-align: center;\"><strong>E-mail: <\/strong>shop@baguettejewellery.com<\/p>\n<p>[\/vc_column_text][\/vc_column][\/vc_row]<\/p>\n<\/div>","protected":false},"excerpt":{"rendered":"<p>[vc_row css=&#8221;.vc_custom_1480664533097{margin-top: 20px !important;margin-bottom: 65px !important;}&#8221;][vc_column offset=&#8221;vc_col-lg-offset-2 vc_col-lg-8 vc_col-md-offset-0 vc_col-md-12 vc_col-sm-offset-0&#8243;][vc_column_text] \u0130STANBUL Address: Abdi Ipekci Cd. No:10\/B Ni\u015fanta\u015f\u0131 Phone: +90 532 261 21 79 \/ +90 555 059 00 03&hellip;<\/p>\n","protected":false},"author":1,"featured_media":0,"parent":0,"menu_order":0,"comment_status":"closed","ping_status":"closed","template":"","meta":{"footnotes":""},"class_list":["post-2561","page","type-page","status-publish","hentry"],"yoast_head":"<!-- This site is optimized with the Yoast SEO plugin v24.8.1 - https:\/\/yoast.com\/wordpress\/plugins\/seo\/ -->\n<title>Contact Us | Baguette Jewellery<\/title>\n<meta name=\"description\" content=\"You could find the address of the store, where you can view the unique and timeless designs of Baguette Jewellery and the contact information that you can always reach us.\" \/>\n<meta name=\"robots\" content=\"index, follow, max-snippet:-1, max-image-preview:large, max-video-preview:-1\" \/>\n<link rel=\"canonical\" href=\"https:\/\/baguettejewellery.com\/en\/contact-us\/\" \/>\n<meta property=\"og:locale\" content=\"en_US\" \/>\n<meta property=\"og:type\" content=\"article\" \/>\n<meta property=\"og:title\" content=\"Contact Us | Baguette Jewellery\" \/>\n<meta property=\"og:description\" content=\"You could find the address of the store, where you can view the unique and timeless designs of Baguette Jewellery and the contact information that you can always reach us.\" \/>\n<meta property=\"og:url\" content=\"https:\/\/baguettejewellery.com\/en\/contact-us\/\" \/>\n<meta property=\"og:site_name\" content=\"Baguette Jewellery\" \/>\n<meta property=\"article:publisher\" content=\"https:\/\/www.facebook.com\/jewellerybaguette\/\" \/>\n<meta property=\"article:modified_time\" content=\"2025-05-02T07:10:24+00:00\" \/>\n<meta property=\"og:image\" content=\"https:\/\/baguettejewellery.com\/wp-content\/uploads\/2022\/08\/New-Project-1.png\" \/>\n\t<meta property=\"og:image:width\" content=\"400\" \/>\n\t<meta property=\"og:image:height\" content=\"400\" \/>\n\t<meta property=\"og:image:type\" content=\"image\/png\" \/>\n<meta name=\"twitter:card\" content=\"summary_large_image\" \/>\n<script type=\"application\/ld+json\" class=\"yoast-schema-graph\">{\"@context\":\"https:\/\/schema.org\",\"@graph\":[{\"@type\":\"WebPage\",\"@id\":\"https:\/\/baguettejewellery.com\/en\/contact-us\/\",\"url\":\"https:\/\/baguettejewellery.com\/en\/contact-us\/\",\"name\":\"Contact Us | Baguette Jewellery\",\"isPartOf\":{\"@id\":\"https:\/\/baguettejewellery.com\/en\/#website\"},\"datePublished\":\"2016-08-23T06:28:43+00:00\",\"dateModified\":\"2025-05-02T07:10:24+00:00\",\"description\":\"You could find the address of the store, where you can view the unique and timeless designs of Baguette Jewellery and the contact information that you can always reach us.\",\"breadcrumb\":{\"@id\":\"https:\/\/baguettejewellery.com\/en\/contact-us\/#breadcrumb\"},\"inLanguage\":\"en-US\",\"potentialAction\":[{\"@type\":\"ReadAction\",\"target\":[\"https:\/\/baguettejewellery.com\/en\/contact-us\/\"]}]},{\"@type\":\"BreadcrumbList\",\"@id\":\"https:\/\/baguettejewellery.com\/en\/contact-us\/#breadcrumb\",\"itemListElement\":[{\"@type\":\"ListItem\",\"position\":1,\"name\":\"Anasayfa\",\"item\":\"https:\/\/baguettejewellery.com\/en\/\"},{\"@type\":\"ListItem\",\"position\":2,\"name\":\"Contact us\"}]},{\"@type\":\"WebSite\",\"@id\":\"https:\/\/baguettejewellery.com\/en\/#website\",\"url\":\"https:\/\/baguettejewellery.com\/en\/\",\"name\":\"Baguette Jewellery\",\"description\":\"\",\"publisher\":{\"@id\":\"https:\/\/baguettejewellery.com\/en\/#organization\"},\"potentialAction\":[{\"@type\":\"SearchAction\",\"target\":{\"@type\":\"EntryPoint\",\"urlTemplate\":\"https:\/\/baguettejewellery.com\/en\/?s={search_term_string}\"},\"query-input\":{\"@type\":\"PropertyValueSpecification\",\"valueRequired\":true,\"valueName\":\"search_term_string\"}}],\"inLanguage\":\"en-US\"},{\"@type\":\"Organization\",\"@id\":\"https:\/\/baguettejewellery.com\/en\/#organization\",\"name\":\"Baguette Jewellery\",\"url\":\"https:\/\/baguettejewellery.com\/en\/\",\"logo\":{\"@type\":\"ImageObject\",\"inLanguage\":\"en-US\",\"@id\":\"https:\/\/baguettejewellery.com\/en\/#\/schema\/logo\/image\/\",\"url\":\"https:\/\/baguettejewellery.com\/wp-content\/uploads\/2021\/10\/baguette_logo.png\",\"contentUrl\":\"https:\/\/baguettejewellery.com\/wp-content\/uploads\/2021\/10\/baguette_logo.png\",\"width\":200,\"height\":108,\"caption\":\"Baguette Jewellery\"},\"image\":{\"@id\":\"https:\/\/baguettejewellery.com\/en\/#\/schema\/logo\/image\/\"},\"sameAs\":[\"https:\/\/www.facebook.com\/jewellerybaguette\/\",\"https:\/\/www.instagram.com\/baguette_jewellery\"]}]}<\/script>\n<!-- \/ Yoast SEO plugin. -->","yoast_head_json":{"title":"Contact Us | Baguette Jewellery","description":"You could find the address of the store, where you can view the unique and timeless designs of Baguette Jewellery and the contact information that you can always reach us.","robots":{"index":"index","follow":"follow","max-snippet":"max-snippet:-1","max-image-preview":"max-image-preview:large","max-video-preview":"max-video-preview:-1"},"canonical":"https:\/\/baguettejewellery.com\/en\/contact-us\/","og_locale":"en_US","og_type":"article","og_title":"Contact Us | Baguette Jewellery","og_description":"You could find the address of the store, where you can view the unique and timeless designs of Baguette Jewellery and the contact information that you can always reach us.","og_url":"https:\/\/baguettejewellery.com\/en\/contact-us\/","og_site_name":"Baguette Jewellery","article_publisher":"https:\/\/www.facebook.com\/jewellerybaguette\/","article_modified_time":"2025-05-02T07:10:24+00:00","og_image":[{"width":400,"height":400,"url":"https:\/\/baguettejewellery.com\/wp-content\/uploads\/2022\/08\/New-Project-1.png","type":"image\/png"}],"twitter_card":"summary_large_image","schema":{"@context":"https:\/\/schema.org","@graph":[{"@type":"WebPage","@id":"https:\/\/baguettejewellery.com\/en\/contact-us\/","url":"https:\/\/baguettejewellery.com\/en\/contact-us\/","name":"Contact Us | Baguette Jewellery","isPartOf":{"@id":"https:\/\/baguettejewellery.com\/en\/#website"},"datePublished":"2016-08-23T06:28:43+00:00","dateModified":"2025-05-02T07:10:24+00:00","description":"You could find the address of the store, where you can view the unique and timeless designs of Baguette Jewellery and the contact information that you can always reach us.","breadcrumb":{"@id":"https:\/\/baguettejewellery.com\/en\/contact-us\/#breadcrumb"},"inLanguage":"en-US","potentialAction":[{"@type":"ReadAction","target":["https:\/\/baguettejewellery.com\/en\/contact-us\/"]}]},{"@type":"BreadcrumbList","@id":"https:\/\/baguettejewellery.com\/en\/contact-us\/#breadcrumb","itemListElement":[{"@type":"ListItem","position":1,"name":"Anasayfa","item":"https:\/\/baguettejewellery.com\/en\/"},{"@type":"ListItem","position":2,"name":"Contact us"}]},{"@type":"WebSite","@id":"https:\/\/baguettejewellery.com\/en\/#website","url":"https:\/\/baguettejewellery.com\/en\/","name":"Baguette Jewellery","description":"","publisher":{"@id":"https:\/\/baguettejewellery.com\/en\/#organization"},"potentialAction":[{"@type":"SearchAction","target":{"@type":"EntryPoint","urlTemplate":"https:\/\/baguettejewellery.com\/en\/?s={search_term_string}"},"query-input":{"@type":"PropertyValueSpecification","valueRequired":true,"valueName":"search_term_string"}}],"inLanguage":"en-US"},{"@type":"Organization","@id":"https:\/\/baguettejewellery.com\/en\/#organization","name":"Baguette Jewellery","url":"https:\/\/baguettejewellery.com\/en\/","logo":{"@type":"ImageObject","inLanguage":"en-US","@id":"https:\/\/baguettejewellery.com\/en\/#\/schema\/logo\/image\/","url":"https:\/\/baguettejewellery.com\/wp-content\/uploads\/2021\/10\/baguette_logo.png","contentUrl":"https:\/\/baguettejewellery.com\/wp-content\/uploads\/2021\/10\/baguette_logo.png","width":200,"height":108,"caption":"Baguette Jewellery"},"image":{"@id":"https:\/\/baguettejewellery.com\/en\/#\/schema\/logo\/image\/"},"sameAs":["https:\/\/www.facebook.com\/jewellerybaguette\/","https:\/\/www.instagram.com\/baguette_jewellery"]}]}},"_links":{"self":[{"href":"https:\/\/baguettejewellery.com\/en\/wp-json\/wp\/v2\/pages\/2561","targetHints":{"allow":["GET"]}}],"collection":[{"href":"https:\/\/baguettejewellery.com\/en\/wp-json\/wp\/v2\/pages"}],"about":[{"href":"https:\/\/baguettejewellery.com\/en\/wp-json\/wp\/v2\/types\/page"}],"author":[{"embeddable":true,"href":"https:\/\/baguettejewellery.com\/en\/wp-json\/wp\/v2\/users\/1"}],"replies":[{"embeddable":true,"href":"https:\/\/baguettejewellery.com\/en\/wp-json\/wp\/v2\/comments?post=2561"}],"version-history":[{"count":0,"href":"https:\/\/baguettejewellery.com\/en\/wp-json\/wp\/v2\/pages\/2561\/revisions"}],"wp:attachment":[{"href":"https:\/\/baguettejewellery.com\/en\/wp-json\/wp\/v2\/media?parent=2561"}],"curies":[{"name":"wp","href":"https:\/\/api.w.org\/{rel}","templated":true}]}}